{"id":3678,"date":"2015-01-25T00:01:59","date_gmt":"2015-01-24T23:01:59","guid":{"rendered":"http:\/\/www.allinled.nl\/?page_id=3678"},"modified":"2015-01-25T00:07:39","modified_gmt":"2015-01-24T23:07:39","slug":"homariumverlichting","status":"publish","type":"page","link":"https:\/\/allinled.nl\/?page_id=3678","title":{"rendered":"Homariumverlichting."},"content":{"rendered":"<!--START SIMPLEVIEWER EMBED-->\n<script type=\"text\/javascript\">\n\tvar flashvars74 = {};\n\tflashvars74.galleryURL = \"https:\/\/allinled.nl\/wp-content\/plugins\/wp-simpleviewer\/config.php?gallery_id=74\";\n\tsimpleviewer.ready(function() {\n\t\tsimpleviewer.load(\"sv-container-74\", \"100%\", \"600px\", \"transparent\", true, flashvars74);\n\t});\n<\/script>\n<div id=\"sv-container-74\"><\/div>\n<!--END SIMPLEVIEWER EMBED-->\n\n<p>&nbsp;<\/p>\n<table border=\"0\" width=\"600\" cellspacing=\"1\" cellpadding=\"1\">\n<tbody>\n<tr>\n<td><span style=\"color: #99cc00;\"><strong>Homariumverlichting <\/strong>&#8211; Projectrealisatie: oktober 2014 &#8211; <\/span><\/td>\n<\/tr>\n<tr>\n<td><span style=\"color: #808080;\">Eten moet schoon, hygi\u00ebnisch en kleurrijk worden gepresenteerd.<br \/>\nOp de ss. Rotterdam is in \u00e9\u00e9n van haar restaurants het homarium voorzien van daglichtwitte LEDverlichting. Door de laagspanning bestaat er geen gevaar voor kortsluiten, de hoge Kelvinkleur met bijbehordende kleurechtheidswaarde geeft een\u00a0 getrouwe weergave van de schaaldieren welke hierin worden bewaard. Deze zien er dan ook fris, schoon en gezond uit.<br \/>\n<\/span><\/td>\n<\/tr>\n<tr>\n<td><\/td>\n<\/tr>\n<\/tbody>\n<\/table>\n<p>&nbsp;<\/p>\n","protected":false},"excerpt":{"rendered":"<p>&nbsp; Homariumverlichting &#8211; Projectrealisatie: oktober 2014 &#8211; Eten moet schoon, hygi\u00ebnisch en kleurrijk worden gepresenteerd. Op de ss. Rotterdam is in \u00e9\u00e9n van haar restaurants het homarium voorzien van daglichtwitte LEDverlichting. Door de laagspanning bestaat er geen gevaar voor kortsluiten, de hoge Kelvinkleur &hellip;<span class=\"more\"> <a href=\"https:\/\/allinled.nl\/?page_id=3678\">Read More&#8230;<\/a><\/span><\/p>\n","protected":false},"author":3,"featured_media":0,"parent":0,"menu_order":0,"comment_status":"closed","ping_status":"closed","template":"","meta":{"footnotes":""},"class_list":["post-3678","page","type-page","status-publish","hentry"],"aioseo_notices":[],"_links":{"self":[{"href":"https:\/\/allinled.nl\/index.php?rest_route=\/wp\/v2\/pages\/3678","targetHints":{"allow":["GET"]}}],"collection":[{"href":"https:\/\/allinled.nl\/index.php?rest_route=\/wp\/v2\/pages"}],"about":[{"href":"https:\/\/allinled.nl\/index.php?rest_route=\/wp\/v2\/types\/page"}],"author":[{"embeddable":true,"href":"https:\/\/allinled.nl\/index.php?rest_route=\/wp\/v2\/users\/3"}],"replies":[{"embeddable":true,"href":"https:\/\/allinled.nl\/index.php?rest_route=%2Fwp%2Fv2%2Fcomments&post=3678"}],"version-history":[{"count":0,"href":"https:\/\/allinled.nl\/index.php?rest_route=\/wp\/v2\/pages\/3678\/revisions"}],"wp:attachment":[{"href":"https:\/\/allinled.nl\/index.php?rest_route=%2Fwp%2Fv2%2Fmedia&parent=3678"}],"curies":[{"name":"wp","href":"https:\/\/api.w.org\/{rel}","templated":true}]}}